{"id":29,"date":"2023-11-11T06:05:38","date_gmt":"2023-11-11T06:05:38","guid":{"rendered":"https:\/\/cardedeu.reconnectat.cat\/?page_id=29"},"modified":"2026-02-19T16:28:55","modified_gmt":"2026-02-19T16:28:55","slug":"uneix-te","status":"publish","type":"page","link":"https:\/\/cardedeu.reconnectat.cat\/index.php\/uneix-te\/","title":{"rendered":"Uneix-te!"},"content":{"rendered":"<p>Al Reconnecta&#8217;t Cardedeu tenim aquest grup de whatsapp.<\/p>\n<p>Us convidem a unir-vos i participa-hi.<\/p>\n<p><a href=\"https:\/\/chat.whatsapp.com\/HkEjJMp7lVZ5kcRfbLbBgG\">https:\/\/chat.whatsapp.com\/HkEjJMp7lVZ5kcRfbLbBgG<\/a><\/p>\n<p>Pensem que \u00e9s un espai que tenim a m\u00e0 on compartim not\u00edcies, idees, recursos, fites aconseguides i reptes que se&#8217;ns plantegen.\u00a0<\/p>\n\r\n<p>&nbsp;<\/p>","protected":false},"excerpt":{"rendered":"<p>&nbsp;<\/p>\n","protected":false},"author":1,"featured_media":0,"parent":0,"menu_order":0,"comment_status":"closed","ping_status":"closed","template":"","meta":{"footnotes":""},"class_list":["post-29","page","type-page","status-publish"],"_links":{"self":[{"href":"https:\/\/cardedeu.reconnectat.cat\/index.php\/wp-json\/wp\/v2\/pages\/29","targetHints":{"allow":["GET"]}}],"collection":[{"href":"https:\/\/cardedeu.reconnectat.cat\/index.php\/wp-json\/wp\/v2\/pages"}],"about":[{"href":"https:\/\/cardedeu.reconnectat.cat\/index.php\/wp-json\/wp\/v2\/types\/page"}],"author":[{"embeddable":true,"href":"https:\/\/cardedeu.reconnectat.cat\/index.php\/wp-json\/wp\/v2\/users\/1"}],"replies":[{"embeddable":true,"href":"https:\/\/cardedeu.reconnectat.cat\/index.php\/wp-json\/wp\/v2\/comments?post=29"}],"version-history":[{"count":13,"href":"https:\/\/cardedeu.reconnectat.cat\/index.php\/wp-json\/wp\/v2\/pages\/29\/revisions"}],"predecessor-version":[{"id":315,"href":"https:\/\/cardedeu.reconnectat.cat\/index.php\/wp-json\/wp\/v2\/pages\/29\/revisions\/315"}],"wp:attachment":[{"href":"https:\/\/cardedeu.reconnectat.cat\/index.php\/wp-json\/wp\/v2\/media?parent=29"}],"curies":[{"name":"wp","href":"https:\/\/api.w.org\/{rel}","templated":true}]}}